{"id":4965,"date":"2022-03-23T15:24:18","date_gmt":"2022-03-23T15:24:18","guid":{"rendered":"https:\/\/www.cctmoerdijk.com\/?page_id=4965"},"modified":"2022-03-24T09:27:05","modified_gmt":"2022-03-24T09:27:05","slug":"privacy-statement","status":"publish","type":"page","link":"https:\/\/www.cctmoerdijk.com\/de\/privacy-statement\/","title":{"rendered":"Privacy Statement"},"content":{"rendered":"[vc_row type=&#8221;in_container&#8221; full_screen_row_position=&#8221;middle&#8221; column_margin=&#8221;default&#8221; column_direction=&#8221;default&#8221; column_direction_tablet=&#8221;default&#8221; column_direction_phone=&#8221;default&#8221; scene_position=&#8221;center&#8221; text_color=&#8221;dark&#8221; text_align=&#8221;left&#8221; row_border_radius=&#8221;none&#8221; row_border_radius_applies=&#8221;bg&#8221; overflow=&#8221;visible&#8221; overlay_strength=&#8221;0.3&#8243; gradient_direction=&#8221;left_to_right&#8221; shape_divider_position=&#8221;bottom&#8221; bg_image_animation=&#8221;none&#8221;][vc_column column_padding=&#8221;no-extra-padding&#8221; column_padding_tablet=&#8221;inherit&#8221; column_padding_phone=&#8221;inherit&#8221; column_padding_position=&#8221;all&#8221; column_element_spacing=&#8221;default&#8221; background_color_opacity=&#8221;1&#8243; background_hover_color_opacity=&#8221;1&#8243; column_shadow=&#8221;none&#8221; column_border_radius=&#8221;none&#8221; column_link_target=&#8221;_self&#8221; column_position=&#8221;default&#8221; gradient_direction=&#8221;left_to_right&#8221; overlay_strength=&#8221;0.3&#8243; width=&#8221;1\/1&#8243; tablet_width_inherit=&#8221;default&#8221; tablet_text_alignment=&#8221;default&#8221; phone_text_alignment=&#8221;default&#8221; animation_type=&#8221;default&#8221; bg_image_animation=&#8221;none&#8221; border_type=&#8221;simple&#8221; column_border_width=&#8221;none&#8221; column_border_style=&#8221;solid&#8221;]<style type=\"text\/css\">@media only screen and (min-width: 1300px) { #nectar-slider-instance-1, #nectar-slider-instance-1 .swiper-container { height: 400px; }  } @media only screen and (max-width: 1299px) { #nectar-slider-instance-1, #nectar-slider-instance-1 .swiper-container { height: 333.33333333333px; }  } @media only screen and (max-width: 1000px) { #nectar-slider-instance-1, #nectar-slider-instance-1 .swiper-container { height: 285.71428571429px; }  } @media only screen and (max-width: 690px) { #nectar-slider-instance-1, #nectar-slider-instance-1 .swiper-container { height: 148.14814814815px; }  } <\/style><div  data-transition=\"slide\" data-overall_style=\"classic\" data-flexible-height=\"\" data-animate-in-effect=\"none\" data-fullscreen=\"false\" data-button-sizing=\"regular\" data-button-styling=\"btn_with_count\" data-autorotate=\"\" data-parallax=\"false\" data-parallax-disable-mobile=\"\" data-caption-trans=\"fade_in_from_bottom\" data-parallax-style=\"bg_only\" data-bg-animation=\"none\" data-full-width=\"true\" class=\"nectar-slider-wrap \" id=\"nectar-slider-instance-1\"><div class=\"swiper-container\"  data-tho=\"auto\" data-tco=\"auto\" data-pho=\"auto\" data-pco=\"auto\" data-loop=\"false\" data-height=\"400\" data-min-height=\"\" data-arrows=\"false\" data-bullets=\"false\" data-bullet_style=\"see_through\" data-bullet_position=\"bottom\" data-desktop-swipe=\"false\" data-settings=\"\"> <div class=\"swiper-wrapper\"><div class=\"swiper-slide\" data-desktop-content-width=\"\" data-tablet-content-width=\"\" data-bg-alignment=\"center\" data-color-scheme=\"light\" data-x-pos=\"center\" data-y-pos=\"middle\" ><div class=\"slide-bg-wrap\"><div class=\"image-bg\" style=\"background-image: url(https:\/\/www.cctmoerdijk.com\/wp-content\/uploads\/2019\/05\/offerte.jpg);\"> &nbsp; <\/div><\/div><div class=\"video-texture \"> <span class=\"ie-fix\"><\/span> <\/div><\/div> <!--\/swiper-slide--><\/div><div class=\"nectar-slider-loading \"> <span class=\"loading-icon none\">   <\/span> <\/div> <\/div> \n\t\t\t\t\t\n\t\t\t\t\t<\/div>[\/vc_column][\/vc_row][vc_row type=&#8221;in_container&#8221; full_screen_row_position=&#8221;middle&#8221; column_margin=&#8221;default&#8221; column_direction=&#8221;default&#8221; column_direction_tablet=&#8221;default&#8221; column_direction_phone=&#8221;default&#8221; scene_position=&#8221;center&#8221; top_padding=&#8221;20&#8243; text_color=&#8221;dark&#8221; text_align=&#8221;left&#8221; row_border_radius=&#8221;none&#8221; row_border_radius_applies=&#8221;bg&#8221; overflow=&#8221;visible&#8221; overlay_strength=&#8221;0.3&#8243; gradient_direction=&#8221;left_to_right&#8221; shape_divider_position=&#8221;bottom&#8221; bg_image_animation=&#8221;none&#8221; shape_type=&#8221;&#8221;][vc_column column_padding=&#8221;no-extra-padding&#8221; column_padding_tablet=&#8221;inherit&#8221; column_padding_phone=&#8221;inherit&#8221; column_padding_position=&#8221;all&#8221; column_element_spacing=&#8221;default&#8221; background_color_opacity=&#8221;1&#8243; background_hover_color_opacity=&#8221;1&#8243; column_shadow=&#8221;none&#8221; column_border_radius=&#8221;none&#8221; column_link_target=&#8221;_self&#8221; column_position=&#8221;default&#8221; gradient_direction=&#8221;left_to_right&#8221; overlay_strength=&#8221;0.3&#8243; width=&#8221;1\/1&#8243; tablet_width_inherit=&#8221;default&#8221; tablet_text_alignment=&#8221;default&#8221; phone_text_alignment=&#8221;default&#8221; animation_type=&#8221;default&#8221; bg_image_animation=&#8221;none&#8221; border_type=&#8221;simple&#8221; column_border_width=&#8221;none&#8221; column_border_style=&#8221;solid&#8221;][vc_column_text]<span><span><a href=\"https:\/\/www.cctmoerdijk.com\/de\/\">Home<\/a><\/span><\/span>[\/vc_column_text][\/vc_column][\/vc_row][vc_row type=&#8221;full_width_background&#8221; full_screen_row_position=&#8221;middle&#8221; column_margin=&#8221;default&#8221; column_direction=&#8221;default&#8221; column_direction_tablet=&#8221;default&#8221; column_direction_phone=&#8221;default&#8221; bg_color=&#8221;#f2f6f7&#8243; scene_position=&#8221;center&#8221; top_padding=&#8221;30&#8243; bottom_padding=&#8221;80&#8243; text_color=&#8221;dark&#8221; text_align=&#8221;left&#8221; row_border_radius=&#8221;none&#8221; row_border_radius_applies=&#8221;bg&#8221; overflow=&#8221;visible&#8221; overlay_strength=&#8221;0.3&#8243; gradient_direction=&#8221;left_to_right&#8221; shape_divider_position=&#8221;bottom&#8221; bg_image_animation=&#8221;none&#8221; shape_type=&#8221;&#8221;][vc_column column_padding=&#8221;padding-3-percent&#8221; column_padding_tablet=&#8221;inherit&#8221; column_padding_phone=&#8221;inherit&#8221; column_padding_position=&#8221;all&#8221; column_element_spacing=&#8221;default&#8221; background_color=&#8221;#ffffff&#8221; background_color_opacity=&#8221;1&#8243; background_hover_color_opacity=&#8221;1&#8243; font_color=&#8221;#0a0040&#8243; column_shadow=&#8221;none&#8221; column_border_radius=&#8221;none&#8221; column_link_target=&#8221;_self&#8221; column_position=&#8221;default&#8221; gradient_direction=&#8221;left_to_right&#8221; overlay_strength=&#8221;0.3&#8243; width=&#8221;1\/1&#8243; tablet_width_inherit=&#8221;default&#8221; tablet_text_alignment=&#8221;default&#8221; phone_text_alignment=&#8221;default&#8221; animation_type=&#8221;default&#8221; bg_image_animation=&#8221;none&#8221; border_type=&#8221;simple&#8221; column_border_width=&#8221;none&#8221; column_border_style=&#8221;solid&#8221;][vc_column_text]\n<h1>Erkl\u00e4rung zum Datenschutz<\/h1>\n<p>&nbsp;<\/p>\n<p>Combined Cargo Terminal B.V., mit Sitz in Middenweg 35 4782 PM Moerdijk +31(0)168 334 270 <a class=\"c-link\" href=\"mailto:info@cctmoerdijk.com\" target=\"_blank\" rel=\"noopener noreferrer\" data-stringify-link=\"mailto:info@cctmoerdijk.com\" data-sk=\"tooltip_parent\">info@cctmoerdijk.com<\/a>, ist f\u00fcr die Verarbeitung der in dieser Datenschutzerkl\u00e4rung genannten personenbezogenen Daten verantwortlich.<\/p>\n<p><strong>Kontaktangaben:<\/strong><br \/>\n<a class=\"c-link\" href=\"https:\/\/www.cctmoerdijk.com\/\" target=\"_blank\" rel=\"noopener noreferrer\" data-stringify-link=\"https:\/\/www.cctmoerdijk.com\/\" data-sk=\"tooltip_parent\">https:\/\/www.cctmoerdijk.com\/<\/a><br \/>\nMiddenweg 35 4782 PM Moerdijk +31(0)168 334 270\u00a0<a class=\"c-link\" href=\"mailto:info@cctmoerdijk.com\" target=\"_blank\" rel=\"noopener noreferrer\" data-stringify-link=\"mailto:info@cctmoerdijk.com\" data-sk=\"tooltip_parent\">info@cctmoerdijk.com<\/a><br \/>\n+31(0)168334270<br \/>\nLuc Smits ist der Datenschutzbeauftragte von Combined Cargo Terminal B.V. Sie erreichen ihn unter <a class=\"c-link\" href=\"mailto:l.smits@cctmoerdijk.com\" target=\"_blank\" rel=\"noopener noreferrer\" data-stringify-link=\"mailto:l.smits@cctmoerdijk.com\" data-sk=\"tooltip_parent\">l.smits@cctmoerdijk.com<\/a><\/p>\n<p>&nbsp;<\/p>\n<p><strong>Von uns verarbeitete personenbezogene Daten<\/strong><\/p>\n<p>Combined Cargo Terminal B.V. verarbeitet Ihre personenbezogenen Daten, weil Sie unsere Dienstleistungen in Anspruch nehmen und\/oder weil Sie uns diese selbst zur Verf\u00fcgung stellen. Nachstehend finden Sie eine \u00dcbersicht \u00fcber die von uns verarbeiteten personenbezogenen Daten:<\/p>\n<p>&nbsp;<\/p>\n<p>&#8211; Vor- und Nachname<\/p>\n<p>&#8211; Angaben zur Adresse<\/p>\n<p>&#8211; Rufnummer<\/p>\n<p>&#8211; E-Mail Adresse<\/p>\n<p>&#8211; IP-Adresse<\/p>\n<p>&#8211; Daten \u00fcber Ihre Aktivit\u00e4ten auf unserer Website<\/p>\n<p>&#8211; Internet-Browser und Ger\u00e4tetypBesondere und\/oder sensible personenbezogene Daten, die wir verarbeiten<\/p>\n<p>&nbsp;<\/p>\n<p>Unsere Website und\/oder unser Dienst beabsichtigt nicht, Daten \u00fcber Website-Besucher zu sammeln, die j\u00fcnger als 16 Jahre sind. Es sei denn, sie haben die Erlaubnis ihrer Eltern oder ihres Vormunds. Wir k\u00f6nnen jedoch nicht \u00fcberpr\u00fcfen, ob ein Besucher \u00fcber 16 Jahre alt ist. Wir empfehlen daher, die Eltern in die Online-Aktivit\u00e4ten ihrer Kinder einzubeziehen, um zu verhindern, dass Daten \u00fcber Kinder ohne elterliche Zustimmung gesammelt werden. Wenn Sie davon \u00fcberzeugt sind, dass wir personenbezogene Daten \u00fcber einen Minderj\u00e4hrigen ohne eine solche Zustimmung gesammelt haben, wenden Sie sich bitte an <a href=\"mailto:info@cctmoerdijk.com\">info@cctmoerdijk.com<\/a>, und wir werden diese Informationen l\u00f6schen.<\/p>\n<p>&nbsp;<\/p>\n<p><strong>Zu welchem Zweck und auf welcher Grundlage verarbeiten wir personenbezogene Daten?<\/strong><\/p>\n<p>Combined Cargo Terminal B.V. verarbeitet Ihre personenbezogenen Daten f\u00fcr die folgenden Zwecke:<\/p>\n<p>&nbsp;<\/p>\n<p>&#8211; Versendung unseres Newsletters und\/oder Werbeprospekts<\/p>\n<p>&#8211; Um Sie anrufen oder Ihnen eine E-Mail schicken zu k\u00f6nnen, wenn dies f\u00fcr die Erbringung unserer Dienstleistungen erforderlich ist.<\/p>\n<p>&#8211; Um Sie \u00fcber \u00c4nderungen an unseren Dienstleistungen und Produkten zu informieren<\/p>\n<p>&#8211; um Ihnen Waren und Dienstleistungen zu liefern<\/p>\n<p>&nbsp;<\/p>\n<p>Cookies werden auch von Dritten auf dieser Website platziert. Dies sind zum Beispiel Werbetreibende und\/oder Unternehmen der sozialen Medien. Nachfolgend ein \u00dcberblick: [Zum Beispiel: Cookie: Googly Analytics Name: _utma Funktion: Analytisches Cookie, das die Besuche auf der Website misst Aufbewahrungsfrist: 2 Jahre ] Einsehen, \u00c4ndern oder L\u00f6schen von Daten<\/p>\n<p>&nbsp;<\/p>\n<p>Sie haben das Recht, Ihre personenbezogenen Daten einzusehen, zu berichtigen oder zu l\u00f6schen. Dar\u00fcber hinaus haben Sie das Recht, Ihre eventuelle Zustimmung zur Datenverarbeitung zu widerrufen oder der Verarbeitung Ihrer pers\u00f6nlichen Daten durch Combined Cargo Terminal B.V. zu widersprechen, und Sie haben das Recht auf Daten\u00fcbertragbarkeit. Das bedeutet, dass Sie bei uns beantragen k\u00f6nnen, dass die personenbezogenen Daten, die wir \u00fcber Sie in einer Computerdatei gespeichert haben, an Sie oder eine andere von Ihnen benannte Organisation \u00fcbermittelt werden. Sie k\u00f6nnen einen Antrag auf Einsichtnahme, Berichtigung, L\u00f6schung, Daten\u00fcbertragbarkeit oder einen Antrag auf Widerruf Ihrer Einwilligung oder auf Widerspruch gegen die Verarbeitung Ihrer personenbezogenen Daten an <a href=\"mailto:info@cctmoerdijk.com\">info@cctmoerdijk.com<\/a> senden. Um sicherzustellen, dass der Antrag auf Einsichtnahme von Ihnen gestellt wurde, bitten wir Sie, dem Antrag eine Kopie Ihres Personalausweises beizuf\u00fcgen. In dieser Kopie schw\u00e4rzen Sie bitte Ihr Passfoto, die MRZ (maschinenlesbare Zone, der Streifen mit Zahlen am unteren Rand des Passes), die Passnummer und die B\u00fcrgerservicenummer (BSN). Dies dient dem Schutz Ihrer Privatsph\u00e4re. Wir beantworten Ihre Anfrage so schnell wie m\u00f6glich, jedoch innerhalb von vier Wochen. Combined Cargo Terminal B.V. m\u00f6chte Sie auch darauf hinweisen, dass Sie die M\u00f6glichkeit haben, eine Beschwerde bei der nationalen Aufsichtsbeh\u00f6rde, der Autoriteit Persoonsgegevens, einzureichen.<\/p>\n<p>&nbsp;<\/p>\n<p><strong>Wie wir personenbezogene Daten sch\u00fctzen<\/strong><\/p>\n<p>Combined Cargo Terminal B.V. nimmt den Schutz Ihrer Daten ernst und ergreift geeignete Ma\u00dfnahmen, um Missbrauch, Verlust, unbefugten Zugriff, unerw\u00fcnschte Offenlegung und unbefugte \u00c4nderungen zu verhindern. Wenn Sie den Eindruck haben, dass Ihre Daten nicht ordnungsgem\u00e4\u00df gesichert sind oder es Anzeichen f\u00fcr einen Missbrauch gibt, wenden Sie sich bitte an unseren Kundendienst oder an <a href=\"mailto:info@cctmoerdijk.com\">info@cctmoerdijk.com<\/a>.<\/p>\n<p>&#8211; Combined Cargo Terminal B.V. analysiert Ihr Verhalten auf der Website, um die Website zu verbessern und das Angebot an Produkten und Dienstleistungen auf Ihre Pr\u00e4ferenzen abzustimmen.<\/p>\n<p>&nbsp;<\/p>\n<p>Combined Cargo Terminal B.V. trifft Entscheidungen [oder nicht] auf der Grundlage einer automatisierten Verarbeitung, die (erhebliche) Folgen f\u00fcr Personen haben k\u00f6nnen. Es handelt sich um Entscheidungen, die von Computerprogrammen oder -systemen getroffen werden, ohne dass eine Person (z.B. ein Mitarbeiter von Combined Cargo Terminal B.V.) daran beteiligt ist. Combined Cargo Terminal B.V. verwendet die folgenden Computerprogramme oder Systeme: [Erg\u00e4nzen Sie den Namen des Systems, warum es verwendet wird, die zugrunde liegende Logik, die Bedeutung und die erwarteten Folgen f\u00fcr die betroffene Person].<\/p>\n<p>&nbsp;<\/p>\n<p><strong>\u00a0<\/strong><\/p>\n<p><strong>Wie lange wir personenbezogene Daten aufbewahren<\/strong><\/p>\n<p>Combined Cargo Terminal B.V. bewahrt Ihre pers\u00f6nlichen Daten nur so lange auf, wie es unbedingt notwendig ist, um die Ziele, f\u00fcr die Ihre Daten gesammelt wurden, zu erreichen. Wir verwenden die folgenden Aufbewahrungsfristen f\u00fcr die folgenden (Kategorien) von personenbezogenen Daten: (Kategorie) der personenbezogenen Daten &gt; Aufbewahrungsfrist &gt; Grund Personalia &gt; Aufbewahrungsfrist &gt; Grund Adresse &gt; Aufbewahrungsfrist &gt; Grund usw.<\/p>\n<p>&nbsp;<\/p>\n<p>Combined Cargo Terminal B.V. gibt diese Daten nur an Dritte weiter und nur dann, wenn dies f\u00fcr die Ausf\u00fchrung unseres Vertrags mit Ihnen oder zur Erf\u00fcllung einer gesetzlichen Verpflichtung erforderlich ist.<\/p>\n<p>&nbsp;<\/p>\n<p><strong>Cookies oder vergleichbare Techniken, die wir verwenden<\/strong><\/p>\n<p>Combined Cargo Terminal B.V. verwendet funktionale, analytische und Tracking-Cookies. Ein Cookie ist eine kleine Textdatei, die im Browser Ihres Computers, Tablets oder Smartphones gespeichert wird, wenn Sie diese Website zum ersten Mal besuchen. Combined Cargo Terminal B.V. verwendet Cookies mit einer rein technischen Funktionalit\u00e4t. Sie sorgen daf\u00fcr, dass die Website ordnungsgem\u00e4\u00df funktioniert und z. B. Ihre Pr\u00e4ferenzen gespeichert werden. Diese Cookies werden auch verwendet, um das Funktionieren der Website zu gew\u00e4hrleisten und sie zu optimieren. Dar\u00fcber hinaus platzieren wir Cookies, die Ihr Surfverhalten verfolgen, um Ihnen ma\u00dfgeschneiderte Inhalte und Werbung anbieten zu k\u00f6nnen. Bei Ihrem ersten Besuch auf unserer Website haben wir Sie bereits \u00fcber diese Cookies informiert und um Ihr Einverst\u00e4ndnis gebeten, sie zu platzieren. Sie k\u00f6nnen sich von Cookies abmelden, indem Sie Ihren Internet-Browser so konfigurieren, dass er keine Cookies mehr speichert. Dar\u00fcber hinaus k\u00f6nnen Sie alle zuvor gespeicherten Informationen \u00fcber Ihre Browsereinstellungen l\u00f6schen.[\/vc_column_text][\/vc_column][\/vc_row][vc_row type=&#8221;in_container&#8221; full_screen_row_position=&#8221;middle&#8221; column_margin=&#8221;default&#8221; column_direction=&#8221;default&#8221; column_direction_tablet=&#8221;default&#8221; column_direction_phone=&#8221;default&#8221; scene_position=&#8221;center&#8221; text_color=&#8221;dark&#8221; text_align=&#8221;left&#8221; row_border_radius=&#8221;none&#8221; row_border_radius_applies=&#8221;bg&#8221; overflow=&#8221;visible&#8221; overlay_strength=&#8221;0.3&#8243; gradient_direction=&#8221;left_to_right&#8221; shape_divider_position=&#8221;bottom&#8221; bg_image_animation=&#8221;none&#8221;][vc_column column_padding=&#8221;no-extra-padding&#8221; column_padding_tablet=&#8221;inherit&#8221; column_padding_phone=&#8221;inherit&#8221; column_padding_position=&#8221;all&#8221; column_element_spacing=&#8221;default&#8221; background_color_opacity=&#8221;1&#8243; background_hover_color_opacity=&#8221;1&#8243; column_shadow=&#8221;none&#8221; column_border_radius=&#8221;none&#8221; column_link_target=&#8221;_self&#8221; column_position=&#8221;default&#8221; gradient_direction=&#8221;left_to_right&#8221; overlay_strength=&#8221;0.3&#8243; width=&#8221;1\/1&#8243; tablet_width_inherit=&#8221;default&#8221; tablet_text_alignment=&#8221;default&#8221; phone_text_alignment=&#8221;default&#8221; animation_type=&#8221;default&#8221; bg_image_animation=&#8221;none&#8221; border_type=&#8221;simple&#8221; column_border_width=&#8221;none&#8221; column_border_style=&#8221;solid&#8221;][\/vc_column][\/vc_row]\n","protected":false},"excerpt":{"rendered":"<p>[vc_row type=&#8221;in_container&#8221; full_screen_row_position=&#8221;middle&#8221; column_margin=&#8221;default&#8221; column_direction=&#8221;default&#8221; column_direction_tablet=&#8221;default&#8221; column_direction_phone=&#8221;default&#8221; scene_position=&#8221;center&#8221; text_color=&#8221;dark&#8221; text_align=&#8221;left&#8221; row_border_radius=&#8221;none&#8221; row_border_radius_applies=&#8221;bg&#8221; overflow=&#8221;visible&#8221; overlay_strength=&#8221;0.3&#8243; gradient_direction=&#8221;left_to_right&#8221; shape_divider_position=&#8221;bottom&#8221; bg_image_animation=&#8221;none&#8221;][vc_column column_padding=&#8221;no-extra-padding&#8221; column_padding_tablet=&#8221;inherit&#8221; column_padding_phone=&#8221;inherit&#8221; column_padding_position=&#8221;all&#8221; column_element_spacing=&#8221;default&#8221; background_color_opacity=&#8221;1&#8243; background_hover_color_opacity=&#8221;1&#8243; column_shadow=&#8221;none&#8221; column_border_radius=&#8221;none&#8221; column_link_target=&#8221;_self&#8221; column_position=&#8221;default&#8221; gradient_direction=&#8221;left_to_right&#8221; overlay_strength=&#8221;0.3&#8243;&#8230;<\/p>\n","protected":false},"author":3,"featured_media":0,"parent":0,"menu_order":0,"comment_status":"closed","ping_status":"closed","template":"","meta":{"inline_featured_image":false,"footnotes":""},"class_list":["post-4965","page","type-page","status-publish"],"yoast_head":"<!-- This site is optimized with the Yoast SEO plugin v26.4 - https:\/\/yoast.com\/wordpress\/plugins\/seo\/ -->\n<title>Privacy Statement - CCT<\/title>\n<meta name=\"robots\" content=\"index, follow, max-snippet:-1, max-image-preview:large, max-video-preview:-1\" \/>\n<link rel=\"canonical\" href=\"https:\/\/www.cctmoerdijk.com\/de\/privacy-statement\/\" \/>\n<meta property=\"og:locale\" content=\"de_DE\" \/>\n<meta property=\"og:type\" content=\"article\" \/>\n<meta property=\"og:title\" content=\"Privacy Statement - CCT\" \/>\n<meta property=\"og:description\" content=\"[vc_row type=&#8221;in_container&#8221; full_screen_row_position=&#8221;middle&#8221; column_margin=&#8221;default&#8221; column_direction=&#8221;default&#8221; column_direction_tablet=&#8221;default&#8221; column_direction_phone=&#8221;default&#8221; scene_position=&#8221;center&#8221; text_color=&#8221;dark&#8221; text_align=&#8221;left&#8221; row_border_radius=&#8221;none&#8221; row_border_radius_applies=&#8221;bg&#8221; overflow=&#8221;visible&#8221; overlay_strength=&#8221;0.3&#8243; gradient_direction=&#8221;left_to_right&#8221; shape_divider_position=&#8221;bottom&#8221; bg_image_animation=&#8221;none&#8221;][vc_column column_padding=&#8221;no-extra-padding&#8221; column_padding_tablet=&#8221;inherit&#8221; column_padding_phone=&#8221;inherit&#8221; column_padding_position=&#8221;all&#8221; column_element_spacing=&#8221;default&#8221; background_color_opacity=&#8221;1&#8243; background_hover_color_opacity=&#8221;1&#8243; column_shadow=&#8221;none&#8221; column_border_radius=&#8221;none&#8221; column_link_target=&#8221;_self&#8221; column_position=&#8221;default&#8221; gradient_direction=&#8221;left_to_right&#8221; overlay_strength=&#8221;0.3&#8243;...\" \/>\n<meta property=\"og:url\" content=\"https:\/\/www.cctmoerdijk.com\/de\/privacy-statement\/\" \/>\n<meta property=\"og:site_name\" content=\"CCT\" \/>\n<meta property=\"article:modified_time\" content=\"2022-03-24T09:27:05+00:00\" \/>\n<meta name=\"twitter:card\" content=\"summary_large_image\" \/>\n<meta name=\"twitter:label1\" content=\"Gesch\u00e4tzte Lesezeit\" \/>\n\t<meta name=\"twitter:data1\" content=\"5\u00a0Minuten\" \/>\n<script type=\"application\/ld+json\" class=\"yoast-schema-graph\">{\"@context\":\"https:\/\/schema.org\",\"@graph\":[{\"@type\":\"WebPage\",\"@id\":\"https:\/\/www.cctmoerdijk.com\/de\/privacy-statement\/\",\"url\":\"https:\/\/www.cctmoerdijk.com\/de\/privacy-statement\/\",\"name\":\"Privacy Statement - CCT\",\"isPartOf\":{\"@id\":\"https:\/\/www.cctmoerdijk.com\/#website\"},\"datePublished\":\"2022-03-23T15:24:18+00:00\",\"dateModified\":\"2022-03-24T09:27:05+00:00\",\"breadcrumb\":{\"@id\":\"https:\/\/www.cctmoerdijk.com\/de\/privacy-statement\/#breadcrumb\"},\"inLanguage\":\"de\",\"potentialAction\":[{\"@type\":\"ReadAction\",\"target\":[\"https:\/\/www.cctmoerdijk.com\/de\/privacy-statement\/\"]}]},{\"@type\":\"BreadcrumbList\",\"@id\":\"https:\/\/www.cctmoerdijk.com\/de\/privacy-statement\/#breadcrumb\",\"itemListElement\":[{\"@type\":\"ListItem\",\"position\":1,\"name\":\"Home\",\"item\":\"https:\/\/www.cctmoerdijk.com\/de\/\"},{\"@type\":\"ListItem\",\"position\":2,\"name\":\"Privacy Statement\"}]},{\"@type\":\"WebSite\",\"@id\":\"https:\/\/www.cctmoerdijk.com\/#website\",\"url\":\"https:\/\/www.cctmoerdijk.com\/\",\"name\":\"CCT Moerdijk\",\"description\":\"Combined Cargo Terminals\",\"alternateName\":\"CCT Moerdijk\",\"potentialAction\":[{\"@type\":\"SearchAction\",\"target\":{\"@type\":\"EntryPoint\",\"urlTemplate\":\"https:\/\/www.cctmoerdijk.com\/?s={search_term_string}\"},\"query-input\":{\"@type\":\"PropertyValueSpecification\",\"valueRequired\":true,\"valueName\":\"search_term_string\"}}],\"inLanguage\":\"de\"}]}<\/script>\n<!-- \/ Yoast SEO plugin. -->","yoast_head_json":{"title":"Privacy Statement - CCT","robots":{"index":"index","follow":"follow","max-snippet":"max-snippet:-1","max-image-preview":"max-image-preview:large","max-video-preview":"max-video-preview:-1"},"canonical":"https:\/\/www.cctmoerdijk.com\/de\/privacy-statement\/","og_locale":"de_DE","og_type":"article","og_title":"Privacy Statement - CCT","og_description":"[vc_row type=&#8221;in_container&#8221; full_screen_row_position=&#8221;middle&#8221; column_margin=&#8221;default&#8221; column_direction=&#8221;default&#8221; column_direction_tablet=&#8221;default&#8221; column_direction_phone=&#8221;default&#8221; scene_position=&#8221;center&#8221; text_color=&#8221;dark&#8221; text_align=&#8221;left&#8221; row_border_radius=&#8221;none&#8221; row_border_radius_applies=&#8221;bg&#8221; overflow=&#8221;visible&#8221; overlay_strength=&#8221;0.3&#8243; gradient_direction=&#8221;left_to_right&#8221; shape_divider_position=&#8221;bottom&#8221; bg_image_animation=&#8221;none&#8221;][vc_column column_padding=&#8221;no-extra-padding&#8221; column_padding_tablet=&#8221;inherit&#8221; column_padding_phone=&#8221;inherit&#8221; column_padding_position=&#8221;all&#8221; column_element_spacing=&#8221;default&#8221; background_color_opacity=&#8221;1&#8243; background_hover_color_opacity=&#8221;1&#8243; column_shadow=&#8221;none&#8221; column_border_radius=&#8221;none&#8221; column_link_target=&#8221;_self&#8221; column_position=&#8221;default&#8221; gradient_direction=&#8221;left_to_right&#8221; overlay_strength=&#8221;0.3&#8243;...","og_url":"https:\/\/www.cctmoerdijk.com\/de\/privacy-statement\/","og_site_name":"CCT","article_modified_time":"2022-03-24T09:27:05+00:00","twitter_card":"summary_large_image","twitter_misc":{"Gesch\u00e4tzte Lesezeit":"5\u00a0Minuten"},"schema":{"@context":"https:\/\/schema.org","@graph":[{"@type":"WebPage","@id":"https:\/\/www.cctmoerdijk.com\/de\/privacy-statement\/","url":"https:\/\/www.cctmoerdijk.com\/de\/privacy-statement\/","name":"Privacy Statement - CCT","isPartOf":{"@id":"https:\/\/www.cctmoerdijk.com\/#website"},"datePublished":"2022-03-23T15:24:18+00:00","dateModified":"2022-03-24T09:27:05+00:00","breadcrumb":{"@id":"https:\/\/www.cctmoerdijk.com\/de\/privacy-statement\/#breadcrumb"},"inLanguage":"de","potentialAction":[{"@type":"ReadAction","target":["https:\/\/www.cctmoerdijk.com\/de\/privacy-statement\/"]}]},{"@type":"BreadcrumbList","@id":"https:\/\/www.cctmoerdijk.com\/de\/privacy-statement\/#breadcrumb","itemListElement":[{"@type":"ListItem","position":1,"name":"Home","item":"https:\/\/www.cctmoerdijk.com\/de\/"},{"@type":"ListItem","position":2,"name":"Privacy Statement"}]},{"@type":"WebSite","@id":"https:\/\/www.cctmoerdijk.com\/#website","url":"https:\/\/www.cctmoerdijk.com\/","name":"CCT Moerdijk","description":"Combined Cargo Terminals","alternateName":"CCT Moerdijk","potentialAction":[{"@type":"SearchAction","target":{"@type":"EntryPoint","urlTemplate":"https:\/\/www.cctmoerdijk.com\/?s={search_term_string}"},"query-input":{"@type":"PropertyValueSpecification","valueRequired":true,"valueName":"search_term_string"}}],"inLanguage":"de"}]}},"_links":{"self":[{"href":"https:\/\/www.cctmoerdijk.com\/de\/wp-json\/wp\/v2\/pages\/4965","targetHints":{"allow":["GET"]}}],"collection":[{"href":"https:\/\/www.cctmoerdijk.com\/de\/wp-json\/wp\/v2\/pages"}],"about":[{"href":"https:\/\/www.cctmoerdijk.com\/de\/wp-json\/wp\/v2\/types\/page"}],"author":[{"embeddable":true,"href":"https:\/\/www.cctmoerdijk.com\/de\/wp-json\/wp\/v2\/users\/3"}],"replies":[{"embeddable":true,"href":"https:\/\/www.cctmoerdijk.com\/de\/wp-json\/wp\/v2\/comments?post=4965"}],"version-history":[{"count":6,"href":"https:\/\/www.cctmoerdijk.com\/de\/wp-json\/wp\/v2\/pages\/4965\/revisions"}],"predecessor-version":[{"id":4980,"href":"https:\/\/www.cctmoerdijk.com\/de\/wp-json\/wp\/v2\/pages\/4965\/revisions\/4980"}],"wp:attachment":[{"href":"https:\/\/www.cctmoerdijk.com\/de\/wp-json\/wp\/v2\/media?parent=4965"}],"curies":[{"name":"wp","href":"https:\/\/api.w.org\/{rel}","templated":true}]}}